{"id":29,"date":"2026-03-16T15:45:20","date_gmt":"2026-03-16T15:45:20","guid":{"rendered":"https:\/\/me2.bilkent.edu.tr\/?page_id=29"},"modified":"2026-04-27T19:52:06","modified_gmt":"2026-04-27T19:52:06","slug":"abet-akreditasyonu","status":"publish","type":"page","link":"https:\/\/me2.bilkent.edu.tr\/?page_id=29","title":{"rendered":"ABET Akreditasyonu"},"content":{"rendered":"\n<div class=\"abet-wrapper\">\n\n    <section class=\"abet-hero\">\n        <div class=\"abet-hero-content\">\n            <h1>ABET Akreditasyonu<\/h1>\n            <p>Makine M\u00fchendisli\u011fi program\u0131m\u0131z\u0131n uluslararas\u0131 e\u011fitim kalite standartlar\u0131yla uyumunu ke\u015ffedin.<\/p>\n        <\/div>\n    <\/section>\n\n    <section class=\"abet-quote-section\">\n        <h2>ABET akreditasyonu, b\u00f6l\u00fcm\u00fcm\u00fcz\u00fcn m\u00fchendislik e\u011fitiminde kaliteye, s\u00fcrekli geli\u015fime ve uluslararas\u0131 standartlara verdi\u011fi \u00f6nemi g\u00f6sterir.<\/h2>\n        <div class=\"abet-quote-author\">Makine M\u00fchendisli\u011fi B\u00f6l\u00fcm\u00fc<\/div>\n    <\/section>\n\n    <section class=\"abet-content-section\">\n        <div class=\"abet-content-grid\">\n\n            <div class=\"abet-image-block\">\n                <img decoding=\"async\" src=\"https:\/\/me2.bilkent.edu.tr\/wp-content\/uploads\/2026\/03\/Image-1920x1080-0.jpg\" alt=\"ABET Akreditasyonu\">\n            <\/div>\n\n            <div class=\"abet-text-block\">\n                <h3>ABET Akreditasyonu<\/h3>\n\n                <p>\n                    Bilkent \u00dcniversitesi Makine M\u00fchendisli\u011fi B\u00f6l\u00fcm\u00fc, e\u011fitim kalitesini uluslararas\u0131 standartlara uygun \u015fekilde geli\u015ftirmeyi ama\u00e7lar.\n                    ABET akreditasyonu, b\u00f6l\u00fcm\u00fcm\u00fcz\u00fcn bu kalite anlay\u0131\u015f\u0131n\u0131 ve s\u00fcrekli geli\u015fim s\u00fcrecini destekleyen \u00f6nemli bir g\u00f6stergedir.\n                <\/p>\n\n                <p>\n                    Bu s\u00fcre\u00e7te ders i\u00e7erikleri, laboratuvar \u00e7al\u0131\u015fmalar\u0131, tasar\u0131m projeleri, \u00f6\u011frenci ba\u015far\u0131lar\u0131 ve program \u00e7\u0131kt\u0131lar\u0131 d\u00fczenli olarak de\u011ferlendirilir.\n                    Ama\u00e7, \u00f6\u011frencilerin g\u00fc\u00e7l\u00fc teknik bilgiye sahip, sorumluluk bilinci geli\u015fmi\u015f ve \u00e7a\u011fda\u015f m\u00fchendislik problemlerine \u00e7\u00f6z\u00fcm \u00fcretebilen bireyler olarak yeti\u015fmesidir.\n                <\/p>\n\n                <p>\n                    ABET yakla\u015f\u0131m\u0131; problem \u00e7\u00f6zme, tak\u0131m \u00e7al\u0131\u015fmas\u0131, ileti\u015fim, etik sorumluluk ve ya\u015fam boyu \u00f6\u011frenme gibi becerilerin m\u00fchendislik e\u011fitiminin temel par\u00e7alar\u0131 olmas\u0131n\u0131 sa\u011flar.\n                <\/p>\n\n                <a href=\"https:\/\/www.abet.org\/\" class=\"abet-main-button\">Daha Fazlas\u0131n\u0131 Ke\u015ffet<\/a>\n            <\/div>\n\n        <\/div>\n    <\/section>\n\n    <section class=\"abet-explore-section\">\n        <h2>Daha Fazlas\u0131n\u0131 Ke\u015ffet<\/h2>\n\n        <div class=\"abet-cards\">\n\n            <article class=\"abet-card\">\n                <div class=\"abet-card-image\">\n                    Pozisyonlar\n                <\/div>\n\n                <div class=\"abet-card-content\">\n                    <h3>Pozisyonlar<\/h3>\n                    <p>\n                        B\u00f6l\u00fcm\u00fcm\u00fczde sunulan a\u00e7\u0131k pozisyonlar ve kariyer imkanlar\u0131 hakk\u0131nda bilgi edinin.\n                    <\/p>\n                    <a href=\"https:\/\/me2.bilkent.edu.tr\/?page_id=27\" class=\"abet-card-link\">\n                        T\u00fcm\u00fcn\u00fc G\u00f6r\n                    <\/a>\n                <\/div>\n            <\/article>\n\n            <article class=\"abet-card\">\n                <div class=\"abet-card-image\">\n                    BilMech\n                <\/div>\n\n                <div class=\"abet-card-content\">\n                    <h3>B\u00f6l\u00fcm Hakk\u0131nda<\/h3>\n                    <p>\n                        Bilkent Makine M\u00fchendisli\u011fi B\u00f6l\u00fcm\u00fc\u2019n\u00fcn akademik yap\u0131s\u0131, vizyonu ve sundu\u011fu imkanlar hakk\u0131nda daha fazla bilgi ke\u015ffedin.\n                    <\/p>\n                    <a href=\"https:\/\/me2.bilkent.edu.tr\/?page_id=13\" class=\"abet-card-link\">\n                        T\u00fcm\u00fcn\u00fc G\u00f6r\n                    <\/a>\n                <\/div>\n            <\/article>\n\n        <\/div>\n    <\/section>\n\n<\/div>\n\n\n\n<div class=\"content\">\n  <h1 class=\"title\">BilMech\n    <div class=\"aurora\">\n      <div class=\"aurora__item\"><\/div>\n      <div class=\"aurora__item\"><\/div>\n      <div class=\"aurora__item\"><\/div>\n      <div class=\"aurora__item\"><\/div>\n    <\/div>\n  <\/h1>\n<\/div>\n\n\n<style class=\"wpcode-css-snippet\">@import url(\"https:\/\/fonts.googleapis.com\/css2?family=Inter:wght@300;400;600;700;800&family=Google+Sans:ital,opsz,wght@0,17..18,400..700;1,17..18,400..700&display=swap\");\r\n\r\n\/* ABET Sayfas\u0131 *\/\r\n.abet-wrapper {\r\n    --bilmech-blue: #0A1C2E; \r\n    --bilmech-red: #A51C30;\r\n    --bg-light: #F9F9F9;\r\n    --text-dark: #1E1E1E;\r\n    --text-gray: #4A4A4A;\r\n    --white: #FFFFFF;\r\n\r\n    --font-serif: 'Google Sans', 'Inter', sans-serif;\r\n    --font-sans: 'Inter', 'DM Sans', Arial, sans-serif;\r\n\r\n    font-family: var(--font-sans);\r\n    color: var(--text-dark);\r\n    line-height: 1.6;\r\n    background-color: var(--white);\r\n    width: 100%;\r\n    margin: 0 auto;\r\n}\r\n\r\n.abet-wrapper * {\r\n    box-sizing: border-box;\r\n}\r\n\r\n\/* HERO *\/\r\n.abet-wrapper .abet-hero {\r\n    height: 52vh;\r\n    min-height: 500px;\r\n    display: flex;\r\n    align-items: center;\r\n    justify-content: center;\r\n    text-align: center;\r\n\r\n    background-image: linear-gradient(rgba(10, 28, 46, 0.65), rgba(10, 28, 46, 0.85)), \r\n                      url('https:\/\/me2.bilkent.edu.tr\/wp-content\/uploads\/2026\/03\/Image-1920x1080-0.jpg');\r\n    background-size: cover;\r\n    background-position: center;\r\n    background-repeat: no-repeat;\r\n\r\n    color: var(--white);\r\n    padding: 0 2rem;\r\n    position: relative;\r\n}\r\n\r\n.abet-wrapper .abet-hero-content {\r\n    max-width: 900px;\r\n    animation: fadeIn 1.5s ease-out;\r\n}\r\n\r\n.abet-wrapper .abet-hero-content h1 {\r\n    font-family: var(--font-serif);\r\n    font-size: 4.5rem;\r\n    font-weight: 700;\r\n    margin-bottom: 1.5rem;\r\n    line-height: 1.1;\r\n    color: var(--white);\r\n    text-shadow: 2px 2px 8px rgba(0, 0, 0, 0.6);\r\n}\r\n\r\n.abet-wrapper .abet-hero-content p {\r\n    font-family: var(--font-sans);\r\n    font-size: 1.25rem;\r\n    font-weight: 300;\r\n    letter-spacing: 0.5px;\r\n    opacity: 1;\r\n    color: var(--white);\r\n    text-shadow: 1px 1px 5px rgba(0, 0, 0, 0.8);\r\n}\r\n\r\n\/* QUOTE *\/\r\n.abet-wrapper .abet-quote-section {\r\n    padding: 6rem 2rem;\r\n    text-align: center;\r\n    max-width: 900px;\r\n    margin: 0 auto;\r\n}\r\n\r\n.abet-wrapper .abet-quote-section h2 {\r\n    font-family: var(--font-serif);\r\n    font-size: 2.2rem;\r\n    font-weight: normal;\r\n    color: var(--bilmech-blue);\r\n    line-height: 1.5;\r\n    margin-bottom: 2rem;\r\n}\r\n\r\n.abet-wrapper .abet-quote-section h2::before,\r\n.abet-wrapper .abet-quote-section h2::after {\r\n    content: '\"';\r\n    color: var(--bilmech-red);\r\n}\r\n\r\n.abet-wrapper .abet-quote-author {\r\n    font-family: var(--font-sans);\r\n    text-transform: uppercase;\r\n    letter-spacing: 2px;\r\n    font-size: 0.85rem;\r\n    color: var(--bilmech-red);\r\n    font-weight: 600;\r\n}\r\n\r\n\/* CONTENT *\/\r\n.abet-wrapper .abet-content-section {\r\n    background-color: var(--bg-light);\r\n    padding: 7rem 2rem;\r\n}\r\n\r\n.abet-wrapper .abet-content-grid {\r\n    max-width: 1200px;\r\n    margin: 0 auto;\r\n    display: grid;\r\n    grid-template-columns: 1fr 1fr;\r\n    gap: 5rem;\r\n    align-items: center;\r\n}\r\n\r\n.abet-wrapper .abet-image-block img {\r\n    width: 100%;\r\n    height: 430px;\r\n    object-fit: cover;\r\n    display: block;\r\n}\r\n\r\n.abet-wrapper .abet-text-block h3 {\r\n    font-family: var(--font-serif);\r\n    font-size: 2.6rem;\r\n    color: var(--text-dark);\r\n    margin-bottom: 1.5rem;\r\n    font-weight: 600;\r\n    letter-spacing: 0.5px;\r\n}\r\n\r\n.abet-wrapper .abet-text-block p {\r\n    font-size: 1.1rem;\r\n    color: var(--text-gray);\r\n    line-height: 1.8;\r\n    margin-bottom: 1.5rem;\r\n    text-align: justify;\r\n}\r\n\r\n.abet-wrapper .abet-main-button {\r\n    display: inline-block;\r\n    margin-top: 1.5rem;\r\n    padding: 1rem 2rem;\r\n    border: 2px solid var(--bilmech-red);\r\n    color: var(--bilmech-red);\r\n    background-color: var(--white);\r\n    text-decoration: none;\r\n    font-family: var(--font-sans);\r\n    font-weight: 700;\r\n    letter-spacing: 1px;\r\n    text-transform: uppercase;\r\n    font-size: 0.85rem;\r\n    transition: all 0.3s ease;\r\n}\r\n\r\n.abet-wrapper .abet-main-button:hover {\r\n    background-color: var(--bilmech-red);\r\n    color: var(--white);\r\n    transform: translateY(-3px);\r\n}\r\n\r\n\/* EXPLORE *\/\r\n.abet-wrapper .abet-explore-section {\r\n    padding: 7rem 2rem;\r\n    max-width: 1400px;\r\n    margin: 0 auto;\r\n    background-color: var(--white);\r\n}\r\n\r\n.abet-wrapper .abet-explore-section h2 {\r\n    text-align: center;\r\n    font-family: var(--font-serif);\r\n    font-size: 3rem;\r\n    color: var(--text-dark);\r\n    margin-bottom: 4rem;\r\n    font-weight: normal;\r\n}\r\n\r\n\/* CARDS *\/\r\n.abet-wrapper .abet-cards {\r\n    display: grid;\r\n    grid-template-columns: repeat(auto-fit, minmax(400px, 1fr));\r\n    gap: 3rem;\r\n}\r\n\r\n.abet-wrapper .abet-card {\r\n    background-color: var(--white);\r\n    border: 1px solid #EAEAEA;\r\n    transition: box-shadow 0.3s ease;\r\n    display: flex;\r\n    flex-direction: column;\r\n}\r\n\r\n.abet-wrapper .abet-card:hover {\r\n    box-shadow: 0 15px 35px rgba(0,0,0,0.06);\r\n}\r\n\r\n.abet-wrapper .abet-card-image {\r\n    height: 300px;\r\n    display: flex;\r\n    align-items: center;\r\n    justify-content: center;\r\n    color: var(--white);\r\n    font-family: var(--font-sans);\r\n    letter-spacing: 1px;\r\n    text-transform: uppercase;\r\n    font-size: 0.9rem;\r\n}\r\n\r\n.abet-wrapper .abet-card:first-child .abet-card-image {\r\n    background: linear-gradient(45deg, #2c3e50, #3498db);\r\n}\r\n\r\n.abet-wrapper .abet-card:nth-child(2) .abet-card-image {\r\n    background: linear-gradient(45deg, #8e44ad, #9b59b6);\r\n}\r\n\r\n.abet-wrapper .abet-card-content {\r\n    padding: 3rem 2rem;\r\n    flex-grow: 1;\r\n    display: flex;\r\n    flex-direction: column;\r\n    justify-content: space-between;\r\n}\r\n\r\n.abet-wrapper .abet-card-content h3 {\r\n    font-family: var(--font-serif);\r\n    font-size: 2.6rem;\r\n    color: var(--text-dark);\r\n    margin-bottom: 1rem;\r\n    font-weight: 600;\r\n    margin-top: 0;\r\n    letter-spacing: 0.5px;\r\n}\r\n\r\n.abet-wrapper .abet-card-content p {\r\n    color: #666;\r\n    margin-bottom: 1rem;\r\n    font-size: 1rem;\r\n}\r\n\r\n.abet-wrapper .abet-card-link {\r\n    display: inline-block;\r\n    margin-top: 1.5rem;\r\n    font-family: var(--font-sans);\r\n    color: var(--bilmech-red);\r\n    text-decoration: none;\r\n    font-weight: 700;\r\n    text-transform: uppercase;\r\n    font-size: 0.85rem;\r\n    letter-spacing: 1px;\r\n}\r\n\r\n.abet-wrapper .abet-card-link::after {\r\n    content: ' \u2192';\r\n    transition: margin-left 0.2s;\r\n}\r\n\r\n.abet-wrapper .abet-card:hover .abet-card-link::after {\r\n    margin-left: 8px;\r\n}\r\n\r\n\/* ANIMATION *\/\r\n@keyframes fadeIn {\r\n    from {\r\n        opacity: 0;\r\n        transform: translateY(20px);\r\n    }\r\n\r\n    to {\r\n        opacity: 1;\r\n        transform: translateY(0);\r\n    }\r\n}\r\n\r\n\/* MOBIL *\/\r\n@media (max-width: 900px) {\r\n    .abet-wrapper .abet-hero-content h1 {\r\n        font-size: 3rem;\r\n    }\r\n\r\n    .abet-wrapper .abet-quote-section h2 {\r\n        font-size: 1.6rem;\r\n    }\r\n\r\n    .abet-wrapper .abet-content-grid {\r\n        grid-template-columns: 1fr;\r\n        gap: 3rem;\r\n    }\r\n\r\n    .abet-wrapper .abet-cards {\r\n        grid-template-columns: 1fr;\r\n    }\r\n}\r\n\r\n@media (max-width: 600px) {\r\n    .abet-wrapper .abet-hero {\r\n        height: 60vh;\r\n        min-height: 400px;\r\n    }\r\n\r\n    .abet-wrapper .abet-explore-section h2 {\r\n        font-size: 2rem;\r\n    }\r\n\r\n    .abet-wrapper .abet-card-content h3,\r\n    .abet-wrapper .abet-text-block h3 {\r\n        font-size: 2rem;\r\n    }\r\n}<\/style>\n","protected":false},"excerpt":{"rendered":"<p>ABET Akreditasyonu Makine M\u00fchendisli\u011fi program\u0131m\u0131z\u0131n uluslararas\u0131 e\u011fitim kalite standartlar\u0131yla uyumunu ke\u015ffedin. ABET akreditasyonu, b\u00f6l\u00fcm\u00fcm\u00fcz\u00fcn m\u00fchendislik e\u011fitiminde kaliteye, s\u00fcrekli geli\u015fime ve [&hellip;]<\/p>\n","protected":false},"author":1,"featured_media":0,"parent":13,"menu_order":0,"comment_status":"closed","ping_status":"closed","template":"","meta":{"site-sidebar-layout":"default","site-content-layout":"","ast-site-content-layout":"full-width-container","site-content-style":"default","site-sidebar-style":"default","ast-global-header-display":"","ast-banner-title-visibility":"","ast-main-header-display":"","ast-hfb-above-header-display":"","ast-hfb-below-header-display":"","ast-hfb-mobile-header-display":"","site-post-title":"disabled","ast-breadcrumbs-content":"","ast-featured-img":"","footer-sml-layout":"","ast-disable-related-posts":"","theme-transparent-header-meta":"disabled","adv-header-id-meta":"","stick-header-meta":"","header-above-stick-meta":"","header-main-stick-meta":"","header-below-stick-meta":"","astra-migrate-meta-layouts":"default","ast-page-background-enabled":"default","ast-page-background-meta":{"desktop":{"background-color":"var(--ast-global-color-5)","background-image":"","background-repeat":"repeat","background-position":"center center","background-size":"auto","background-attachment":"scroll","background-type":"","background-media":"","overlay-type":"","overlay-color":"","overlay-opacity":"","overlay-gradient":""},"tablet":{"background-color":"","background-image":"","background-repeat":"repeat","background-position":"center center","background-size":"auto","background-attachment":"scroll","background-type":"","background-media":"","overlay-type":"","overlay-color":"","overlay-opacity":"","overlay-gradient":""},"mobile":{"background-color":"","background-image":"","background-repeat":"repeat","background-position":"center center","background-size":"auto","background-attachment":"scroll","background-type":"","background-media":"","overlay-type":"","overlay-color":"","overlay-opacity":"","overlay-gradient":""}},"ast-content-background-meta":{"desktop":{"background-color":"var(--ast-global-color-4)","background-image":"","background-repeat":"repeat","background-position":"center center","background-size":"auto","background-attachment":"scroll","background-type":"","background-media":"","overlay-type":"","overlay-color":"","overlay-opacity":"","overlay-gradient":""},"tablet":{"background-color":"var(--ast-global-color-4)","background-image":"","background-repeat":"repeat","background-position":"center center","background-size":"auto","background-attachment":"scroll","background-type":"","background-media":"","overlay-type":"","overlay-color":"","overlay-opacity":"","overlay-gradient":""},"mobile":{"background-color":"var(--ast-global-color-4)","background-image":"","background-repeat":"repeat","background-position":"center center","background-size":"auto","background-attachment":"scroll","background-type":"","background-media":"","overlay-type":"","overlay-color":"","overlay-opacity":"","overlay-gradient":""}},"footnotes":""},"class_list":["post-29","page","type-page","status-publish","hentry"],"_links":{"self":[{"href":"https:\/\/me2.bilkent.edu.tr\/index.php?rest_route=\/wp\/v2\/pages\/29","targetHints":{"allow":["GET"]}}],"collection":[{"href":"https:\/\/me2.bilkent.edu.tr\/index.php?rest_route=\/wp\/v2\/pages"}],"about":[{"href":"https:\/\/me2.bilkent.edu.tr\/index.php?rest_route=\/wp\/v2\/types\/page"}],"author":[{"embeddable":true,"href":"https:\/\/me2.bilkent.edu.tr\/index.php?rest_route=\/wp\/v2\/users\/1"}],"replies":[{"embeddable":true,"href":"https:\/\/me2.bilkent.edu.tr\/index.php?rest_route=%2Fwp%2Fv2%2Fcomments&post=29"}],"version-history":[{"count":18,"href":"https:\/\/me2.bilkent.edu.tr\/index.php?rest_route=\/wp\/v2\/pages\/29\/revisions"}],"predecessor-version":[{"id":1140,"href":"https:\/\/me2.bilkent.edu.tr\/index.php?rest_route=\/wp\/v2\/pages\/29\/revisions\/1140"}],"up":[{"embeddable":true,"href":"https:\/\/me2.bilkent.edu.tr\/index.php?rest_route=\/wp\/v2\/pages\/13"}],"wp:attachment":[{"href":"https:\/\/me2.bilkent.edu.tr\/index.php?rest_route=%2Fwp%2Fv2%2Fmedia&parent=29"}],"curies":[{"name":"wp","href":"https:\/\/api.w.org\/{rel}","templated":true}]}}