{"id":49,"date":"2026-03-16T15:49:13","date_gmt":"2026-03-16T15:49:13","guid":{"rendered":"https:\/\/me2.bilkent.edu.tr\/?page_id=49"},"modified":"2026-04-28T17:04:38","modified_gmt":"2026-04-28T17:04:38","slug":"gruplar","status":"publish","type":"page","link":"https:\/\/me2.bilkent.edu.tr\/?page_id=49","title":{"rendered":"Gruplar"},"content":{"rendered":"\n<div class=\"bilmech-research-wrapper\">\n    <section class=\"hero\">\n        <div class=\"hero-content\">\n            <h1>Ara\u015ft\u0131rma Gruplar\u0131<\/h1>\n            <p>Makine M\u00fchendisli\u011finin s\u0131n\u0131rlar\u0131n\u0131 zorlayan, yenilik\u00e7i ve disiplinler aras\u0131 laboratuvarlar\u0131m\u0131z\u0131 ke\u015ffedin.<\/p>\n        <\/div>\n    <\/section>\n\n    <section class=\"quote-section\">\n        <h2>Ara\u015ft\u0131rma gruplar\u0131m\u0131z ve laboratuvarlar\u0131m\u0131z; akademisyenlerimiz, \u00f6\u011frencilerimiz ve sanayi payda\u015flar\u0131m\u0131z\u0131n ortak hedefler etraf\u0131nda bulu\u015ftu\u011fu, k\u00fcresel problemlere kal\u0131c\u0131 \u00e7\u00f6z\u00fcmler \u00fcretti\u011fi teknoloji merkezleridir.<\/h2>\n        <div class=\"quote-author\">Bilkent Makine M\u00fchendisli\u011fi<\/div>\n    <\/section>\n\n    <section class=\"explore-section\">\n        <h2 class=\"explore-title\">Laboratuvarlar\u0131m\u0131z<\/h2>\n        <div class=\"cards-container\">\n            <div class=\"card\">\n                <div class=\"card-image lab-1\">\n                    Minyat\u00fcr Robotik\n                <\/div>\n                <div class=\"card-content\">\n                    <h3>Minyat\u00fcr Robotik Laboratuvar\u0131<\/h3>\n                    <p>Mikro ve nano \u00f6l\u00e7ekli robot sistemlerinin tasar\u0131m\u0131 ve t\u0131bbi, end\u00fcstriyel uygulamalar\u0131 \u00fczerine yo\u011funla\u015fan ara\u015ft\u0131rmalar\u0131m\u0131z.<\/p>\n                    <a href=\"\/?page_id=1141\" class=\"card-link\">Daha Fazlas\u0131n\u0131 Ke\u015ffet<\/a>\n                <\/div>\n            <\/div>\n\n            <div class=\"card\">\n                <div class=\"card-image lab-2\">\n                    Hanay Lab\n                <\/div>\n                <div class=\"card-content\">\n                    <h3>Hanay Ara\u015ft\u0131rma Grubu<\/h3>\n                    <p>Nanomekanik sistemler, k\u00fctle spektrometrisi ve yeni nesil nano-sens\u00f6r teknolojileri \u00fczerine geli\u015fmi\u015f \u00e7al\u0131\u015fmalar.<\/p>\n                    <a href=\"\/?page_id=1145\" class=\"card-link\">Daha Fazlas\u0131n\u0131 Ke\u015ffet<\/a>\n                <\/div>\n            <\/div>\n\n            <div class=\"card\">\n                <div class=\"card-image lab-3\">\n                    Mikro-Ak\u0131\u015fkanlar\n                <\/div>\n                <div class=\"card-content\">\n                    <h3>Mikro-Ak\u0131\u015fkanlar Dinami\u011fi ve \u00c7ip-\u00dcst\u00fc-Laboratuvar<\/h3>\n                    <p>Ak\u0131\u015fkanlar\u0131n mikro \u00f6l\u00e7ekteki dinamiklerini ve biyo-m\u00fchendislikte \u00e7ip-\u00fcst\u00fc laboratuvar uygulamalar\u0131n\u0131 inceleyen \u00e7al\u0131\u015fmalar.<\/p>\n                    <a href=\"\/?page_id=1148\" class=\"card-link\">Daha Fazlas\u0131n\u0131 Ke\u015ffet<\/a>\n                <\/div>\n            <\/div>\n\n            <div class=\"card\">\n                <div class=\"card-image lab-4\">\n                    \u00c7ok-\u00d6l\u00e7ekli Mekanik\n                <\/div>\n                <div class=\"card-content\">\n                    <h3>Hesaplamal\u0131 \u00c7ok-\u00d6l\u00e7ekli Mekanik Laboratuvar\u0131<\/h3>\n                    <p>Geli\u015fmi\u015f malzemelerin ve yap\u0131lar\u0131n mekanik davran\u0131\u015flar\u0131n\u0131 hesaplamal\u0131 y\u00f6ntemler ile \u00e7ok \u00f6l\u00e7ekli olarak analiz eden laboratuvar.<\/p>\n                    <a href=\"\/?page_id=1151\" class=\"card-link\">Daha Fazlas\u0131n\u0131 Ke\u015ffet<\/a>\n                <\/div>\n            <\/div>\n\n            <div class=\"card\">\n                <div class=\"card-image lab-5\">\n                    MiNI Lab\n                <\/div>\n                <div class=\"card-content\">\n                    <h3>Micro and Nano Integrated Fluids (MiNI) Lab<\/h3>\n                    <p>Mikro ve nano ak\u0131\u015fkan sistemlerinin entegrasyonu, tasar\u0131m\u0131 ve \u00fcretim teknolojilerinde devrim niteli\u011finde ara\u015ft\u0131rmalar.<\/p>\n                    <a href=\"\/?page_id=1154\" class=\"card-link\">Daha Fazlas\u0131n\u0131 Ke\u015ffet<\/a>\n                <\/div>\n            <\/div>\n\n            <div class=\"card\">\n                <div class=\"card-image lab-6\">\n                    NAHA Lab\n                <\/div>\n                <div class=\"card-content\">\n                    <h3>Numerical Analysis and High-level Applications (NAHA) Lab<\/h3>\n                    <p>Karma\u015f\u0131k m\u00fchendislik problemlerinin \u00e7\u00f6z\u00fcm\u00fc i\u00e7in say\u0131sal analiz metotlar\u0131n\u0131n geli\u015ftirilmesi ve \u00fcst d\u00fczey optimizasyon i\u015flemleri.<\/p>\n                    <a href=\"\/?page_id=1157\" class=\"card-link\">Daha Fazlas\u0131n\u0131 Ke\u015ffet<\/a>\n                <\/div>\n            <\/div>\n\n            <div class=\"card\">\n                <div class=\"card-image lab-7\">\n                    Systems Lab\n                <\/div>\n                <div class=\"card-content\">\n                    <h3>Systems Laboratory<\/h3>\n                    <p>Dinamik sistemlerin modellenmesi, kontrol\u00fc ve mekatronik optimizasyon s\u00fcre\u00e7lerinin y\u00fcr\u00fct\u00fcld\u00fc\u011f\u00fc ileri ara\u015ft\u0131rma ortam\u0131.<\/p>\n                    <a href=\"\/?page_id=1160\" class=\"card-link\">Daha Fazlas\u0131n\u0131 Ke\u015ffet<\/a>\n                <\/div>\n            <\/div>\n\n            <div class=\"card\">\n                <div class=\"card-image lab-8\">\n                    TROL\n                <\/div>\n                <div class=\"card-content\">\n                    <h3>Thermal Research &#038; Optics Laboratory (TROL)<\/h3>\n                    <p>Termal bilimler, \u0131s\u0131 transferi ve optik \u00f6l\u00e7\u00fcm tekniklerinin entegre edildi\u011fi \u00e7ok disiplinli projeler laboratuvar\u0131.<\/p>\n                    <a href=\"\/?page_id=1163\" class=\"card-link\">Daha Fazlas\u0131n\u0131 Ke\u015ffet<\/a>\n                <\/div>\n            <\/div>\n\n            <div class=\"card\">\n                <div class=\"card-image lab-9\">\n                    A3ML\n                <\/div>\n                <div class=\"card-content\">\n                    <h3>Atomistic Mechanics &#038; Materials Modeling Laboratory<\/h3>\n                    <p>Malzemelerin mekanik \u00f6zelliklerinin molek\u00fcler dinamik ve atomistik modelleme yakla\u015f\u0131mlar\u0131yla derinlemesine incelenmesi.<\/p>\n                    <a href=\"\/?page_id=1166\" class=\"card-link\">Daha Fazlas\u0131n\u0131 Ke\u015ffet<\/a>\n                <\/div>\n            <\/div>\n\n            <div class=\"card\">\n                <div class=\"card-image lab-10\">\n                    Precision Mfg.\n                <\/div>\n                <div class=\"card-content\">\n                    <h3>Precision Manufacturing Research Group<\/h3>\n                    <p>Geli\u015fmi\u015f \u00fcretim teknolojileri, hassas imalat ve makineleme s\u00fcre\u00e7lerinde verimlili\u011fi art\u0131rmaya y\u00f6nelik end\u00fcstriyel \u00e7al\u0131\u015fmalar.<\/p>\n                    <a href=\"\/?page_id=1169\" class=\"card-link\">Daha Fazlas\u0131n\u0131 Ke\u015ffet<\/a>\n                <\/div>\n            <\/div>\n\n            <div class=\"card\">\n                <div class=\"card-image lab-11\">\n                    SDNP\n                <\/div>\n                <div class=\"card-content\">\n                    <h3>Structural Dynamics and Nonlinear Phenomena Laboratory<\/h3>\n                    <p>M\u00fchendislik yap\u0131lar\u0131n\u0131n dinamik analizi ve sistemlerde meydana gelen do\u011frusal olmayan (non-lineer) fenomenlerin ara\u015ft\u0131r\u0131lmas\u0131.<\/p>\n                    <a href=\"\/?page_id=1172\" class=\"card-link\">Daha Fazlas\u0131n\u0131 Ke\u015ffet<\/a>\n                <\/div>\n            <\/div>\n        <\/div>\n    <\/section>\n<\/div>\n\n\n<style class=\"wpcode-css-snippet\">@import url(\"https:\/\/fonts.googleapis.com\/css2?family=Inter:wght@300;400;600;700;800&family=Google+Sans:ital,opsz,wght@0,17..18,400..700;1,17..18,400..700&display=swap\");\r\n\r\n.bilmech-research-wrapper {\r\n    --bilmech-blue: #0A1C2E; \r\n    --bilmech-red: #A51C30;\r\n    --bg-light: #F9F9F9;\r\n    --text-dark: #1E1E1E;\r\n    --text-gray: #4A4A4A;\r\n    --white: #FFFFFF;\r\n    --font-serif: 'Google Sans', 'Inter', sans-serif;\r\n    --font-sans: 'Inter', 'DM Sans', Arial, sans-serif;\r\n    font-family: var(--font-sans);\r\n    color: var(--text-dark);\r\n    line-height: 1.6;\r\n    background-color: var(--white);\r\n    width: 100%;\r\n    max-width: 100%;\r\n    margin: 0 auto;\r\n}\r\n\r\n.bilmech-research-wrapper * {\r\n    box-sizing: border-box;\r\n}\r\n\r\n.bilmech-research-wrapper .hero {\r\n    height: 52vh;\r\n    min-height: 450px;\r\n    display: flex;\r\n    align-items: center;\r\n    justify-content: center;\r\n    text-align: center;\r\n    background-image: linear-gradient(rgba(10, 28, 46, 0.75), rgba(10, 28, 46, 0.90)), url('https:\/\/me2.bilkent.edu.tr\/wp-content\/uploads\/2026\/04\/Gruplar-Hero-Container.jpg');\r\n    background-size: cover;\r\n    background-position: center;\r\n    background-repeat: no-repeat;\r\n    color: var(--white);\r\n    padding: 0 2rem;\r\n    position: relative;\r\n}\r\n\r\n.bilmech-research-wrapper .hero-content {\r\n    max-width: 900px;\r\n    animation: fadeIn 1.5s ease-out;\r\n}\r\n\r\n.bilmech-research-wrapper .hero-content h1 {\r\n    font-family: var(--font-serif);\r\n    font-size: 4rem;\r\n    font-weight: 700;\r\n    margin-bottom: 1.5rem;\r\n    line-height: 1.1;\r\n    color: var(--white);\r\n    text-shadow: 2px 2px 8px rgba(0, 0, 0, 0.6);\r\n    letter-spacing: -1px;\r\n}\r\n\r\n.bilmech-research-wrapper .hero-content p {\r\n    font-family: var(--font-sans);\r\n    font-size: 1.25rem;\r\n    font-weight: 300;\r\n    letter-spacing: 0.5px;\r\n    opacity: 1; \r\n    color: var(--white);\r\n    text-shadow: 1px 1px 5px rgba(0, 0, 0, 0.8);\r\n}\r\n\r\n.bilmech-research-wrapper .quote-section {\r\n    padding: 5rem 2rem 3rem 2rem;\r\n    text-align: center;\r\n    max-width: 1000px;\r\n    margin: 0 auto;\r\n}\r\n\r\n.bilmech-research-wrapper .quote-section h2 {\r\n    font-family: var(--font-serif);\r\n    font-size: 2rem;\r\n    font-weight: normal;\r\n    color: var(--bilmech-blue);\r\n    line-height: 1.5;\r\n    margin-bottom: 2rem;\r\n}\r\n\r\n.bilmech-research-wrapper .quote-section h2::before, \r\n.bilmech-research-wrapper .quote-section h2::after {\r\n    content: '\"';\r\n    color: var(--bilmech-red);\r\n}\r\n\r\n.bilmech-research-wrapper .quote-author {\r\n    font-family: var(--font-sans);\r\n    text-transform: uppercase;\r\n    letter-spacing: 2px;\r\n    font-size: 0.85rem;\r\n    color: var(--bilmech-red);\r\n    font-weight: 600;\r\n}\r\n\r\n.bilmech-research-wrapper .explore-section {\r\n    padding: 4rem 2rem 7rem 2rem;\r\n    max-width: 1400px;\r\n    margin: 0 auto;\r\n}\r\n\r\n.bilmech-research-wrapper .explore-title {\r\n    text-align: center;\r\n    font-family: var(--font-serif);\r\n    font-size: 2.5rem;\r\n    color: var(--text-dark);\r\n    margin-bottom: 3rem;\r\n    font-weight: normal;\r\n    border-bottom: 2px solid var(--bilmech-red);\r\n    display: inline-block;\r\n    padding-bottom: 0.5rem;\r\n    position: relative;\r\n    left: 50%;\r\n    transform: translateX(-50%);\r\n}\r\n\r\n.bilmech-research-wrapper .cards-container {\r\n    display: grid;\r\n    grid-template-columns: repeat(auto-fit, minmax(320px, 1fr));\r\n    gap: 2.5rem;\r\n}\r\n\r\n.bilmech-research-wrapper .card {\r\n    background-color: var(--bg-light);\r\n    border: 1px solid #EAEAEA;\r\n    transition: all 0.3s ease;\r\n    display: flex;\r\n    flex-direction: column;\r\n    border-radius: 8px;\r\n    overflow: hidden;\r\n}\r\n\r\n.bilmech-research-wrapper .card:hover {\r\n    box-shadow: 0 15px 35px rgba(0,0,0,0.08);\r\n    transform: translateY(-5px);\r\n}\r\n\r\n.bilmech-research-wrapper .card-image {\r\n    height: 220px;\r\n    display: flex;\r\n    align-items: center;\r\n    justify-content: center;\r\n    color: var(--white);\r\n    font-family: var(--font-sans);\r\n    letter-spacing: 1px;\r\n    text-transform: uppercase;\r\n    font-size: 0.95rem;\r\n    font-weight: 600;\r\n    text-align: center;\r\n    padding: 1rem;\r\n    text-shadow: 1px 1px 4px rgba(0,0,0,0.8);\r\n    background-size: cover;\r\n    background-position: center;\r\n    background-repeat: no-repeat;\r\n    background-color: var(--bilmech-blue); \r\n}\r\n\r\n.bilmech-research-wrapper .card-image.lab-1 {\r\n    background-image: linear-gradient(rgba(10, 28, 46, 0.4), rgba(10, 28, 46, 0.8)), url('https:\/\/me2.bilkent.edu.tr\/wp-content\/uploads\/2026\/03\/gruplar.jpg');\r\n}\r\n\r\n.bilmech-research-wrapper .card-image.lab-2 {\r\n    background-image: linear-gradient(rgba(10, 28, 46, 0.4), rgba(10, 28, 46, 0.8)), url('https:\/\/me2.bilkent.edu.tr\/wp-content\/uploads\/2026\/04\/Hanay-Arastirma-Grubu.jpg');\r\n}\r\n\r\n.bilmech-research-wrapper .card-image.lab-3 {\r\n    background-image: linear-gradient(rgba(10, 28, 46, 0.4), rgba(10, 28, 46, 0.8)), url('https:\/\/me2.bilkent.edu.tr\/wp-content\/uploads\/2026\/04\/Mikro-Akiskanlar-Arastirma-Grubu.jpg');\r\n}\r\n\r\n.bilmech-research-wrapper .card-image.lab-4 {\r\n    background-image: linear-gradient(rgba(10, 28, 46, 0.4), rgba(10, 28, 46, 0.8)), url('https:\/\/me2.bilkent.edu.tr\/wp-content\/uploads\/2026\/04\/Hesaplamali-Cok-Olcekli-Arastirma-Grubu.jpg');\r\n}\r\n\r\n.bilmech-research-wrapper .card-image.lab-5 {\r\n    background-image: linear-gradient(rgba(10, 28, 46, 0.4), rgba(10, 28, 46, 0.8)), url('https:\/\/me2.bilkent.edu.tr\/wp-content\/uploads\/2026\/04\/Micro-Nano-fluids.jpg');\r\n}\r\n\r\n.bilmech-research-wrapper .card-image.lab-6 {\r\n    background-image: linear-gradient(rgba(10, 28, 46, 0.4), rgba(10, 28, 46, 0.8)), url('https:\/\/me2.bilkent.edu.tr\/wp-content\/uploads\/2026\/04\/Numerical-Analyses-HAHA-Lab.jpg');\r\n}\r\n\r\n.bilmech-research-wrapper .card-image.lab-7 {\r\n    background-image: linear-gradient(rgba(10, 28, 46, 0.4), rgba(10, 28, 46, 0.8)), url('https:\/\/me2.bilkent.edu.tr\/wp-content\/uploads\/2026\/04\/System-Laboratory.jpg');\r\n}\r\n\r\n.bilmech-research-wrapper .card-image.lab-8 {\r\n    background-image: linear-gradient(rgba(10, 28, 46, 0.4), rgba(10, 28, 46, 0.8)), url('dosyaurlsi');\r\n}\r\n\r\n.bilmech-research-wrapper .card-image.lab-9 {\r\n    background-image: linear-gradient(rgba(10, 28, 46, 0.4), rgba(10, 28, 46, 0.8)), url('dosyaurlsi');\r\n}\r\n\r\n.bilmech-research-wrapper .card-image.lab-10 {\r\n    background-image: linear-gradient(rgba(10, 28, 46, 0.4), rgba(10, 28, 46, 0.8)), url('dosyaurlsi');\r\n}\r\n\r\n.bilmech-research-wrapper .card-image.lab-11 {\r\n    background-image: linear-gradient(rgba(10, 28, 46, 0.4), rgba(10, 28, 46, 0.8)), url('dosyaurlsi');\r\n}\r\n\r\n.bilmech-research-wrapper .card-content {\r\n    padding: 2rem 1.5rem;\r\n    flex-grow: 1;\r\n    display: flex;\r\n    flex-direction: column;\r\n    justify-content: space-between;\r\n}\r\n\r\n.bilmech-research-wrapper .card-content h3 {\r\n    font-family: var(--font-serif);\r\n    font-size: 1.4rem;\r\n    color: var(--text-dark);\r\n    margin-bottom: 1rem;\r\n    font-weight: 600;\r\n    margin-top: 0;\r\n    line-height: 1.3;\r\n}\r\n\r\n.bilmech-research-wrapper .card-content p {\r\n    color: var(--text-gray);\r\n    margin-bottom: 1.5rem;\r\n    font-size: 0.95rem;\r\n    line-height: 1.6;\r\n}\r\n\r\n.bilmech-research-wrapper .card-content .card-link {\r\n    display: inline-block;\r\n    margin-top: auto;\r\n    font-family: var(--font-sans);\r\n    color: var(--bilmech-red);\r\n    text-decoration: none;\r\n    font-weight: 700;\r\n    text-transform: uppercase;\r\n    font-size: 0.85rem;\r\n    letter-spacing: 1px;\r\n}\r\n\r\n.bilmech-research-wrapper .card-content .card-link::after {\r\n    content: ' \u2192';\r\n    transition: margin-left 0.2s;\r\n}\r\n\r\n.bilmech-research-wrapper .card:hover .card-content .card-link::after {\r\n    margin-left: 8px;\r\n}\r\n\r\n@keyframes fadeIn {\r\n    from { opacity: 0; transform: translateY(20px); }\r\n    to { opacity: 1; transform: translateY(0); }\r\n}\r\n\r\n@media (max-width: 900px) {\r\n    .bilmech-research-wrapper .hero-content h1 { font-size: 3rem; }\r\n    .bilmech-research-wrapper .explore-title { font-size: 2.2rem; }\r\n}\r\n\r\n@media (max-width: 600px) {\r\n    .bilmech-research-wrapper .hero { height: 60vh; min-height: 400px; }\r\n    .bilmech-research-wrapper .hero-content h1 { font-size: 2.5rem; }\r\n    .bilmech-research-wrapper .quote-section h2 { font-size: 1.3rem; }\r\n    .bilmech-research-wrapper .cards-container { grid-template-columns: 1fr; }\r\n}<\/style>\n\n\n\n<p><\/p>\n","protected":false},"excerpt":{"rendered":"<p>Ara\u015ft\u0131rma Gruplar\u0131 Makine M\u00fchendisli\u011finin s\u0131n\u0131rlar\u0131n\u0131 zorlayan, yenilik\u00e7i ve disiplinler aras\u0131 laboratuvarlar\u0131m\u0131z\u0131 ke\u015ffedin. Ara\u015ft\u0131rma gruplar\u0131m\u0131z ve laboratuvarlar\u0131m\u0131z; akademisyenlerimiz, \u00f6\u011frencilerimiz ve sanayi [&hellip;]<\/p>\n","protected":false},"author":1,"featured_media":0,"parent":17,"menu_order":0,"comment_status":"closed","ping_status":"closed","template":"","meta":{"site-sidebar-layout":"default","site-content-layout":"","ast-site-content-layout":"full-width-container","site-content-style":"default","site-sidebar-style":"default","ast-global-header-display":"","ast-banner-title-visibility":"","ast-main-header-display":"","ast-hfb-above-header-display":"","ast-hfb-below-header-display":"","ast-hfb-mobile-header-display":"","site-post-title":"disabled","ast-breadcrumbs-content":"","ast-featured-img":"","footer-sml-layout":"","ast-disable-related-posts":"","theme-transparent-header-meta":"disabled","adv-header-id-meta":"","stick-header-meta":"","header-above-stick-meta":"","header-main-stick-meta":"","header-below-stick-meta":"","astra-migrate-meta-layouts":"default","ast-page-background-enabled":"default","ast-page-background-meta":{"desktop":{"background-color":"var(--ast-global-color-5)","background-image":"","background-repeat":"repeat","background-position":"center center","background-size":"auto","background-attachment":"scroll","background-type":"","background-media":"","overlay-type":"","overlay-color":"","overlay-opacity":"","overlay-gradient":""},"tablet":{"background-color":"","background-image":"","background-repeat":"repeat","background-position":"center center","background-size":"auto","background-attachment":"scroll","background-type":"","background-media":"","overlay-type":"","overlay-color":"","overlay-opacity":"","overlay-gradient":""},"mobile":{"background-color":"","background-image":"","background-repeat":"repeat","background-position":"center center","background-size":"auto","background-attachment":"scroll","background-type":"","background-media":"","overlay-type":"","overlay-color":"","overlay-opacity":"","overlay-gradient":""}},"ast-content-background-meta":{"desktop":{"background-color":"var(--ast-global-color-4)","background-image":"","background-repeat":"repeat","background-position":"center center","background-size":"auto","background-attachment":"scroll","background-type":"","background-media":"","overlay-type":"","overlay-color":"","overlay-opacity":"","overlay-gradient":""},"tablet":{"background-color":"var(--ast-global-color-4)","background-image":"","background-repeat":"repeat","background-position":"center center","background-size":"auto","background-attachment":"scroll","background-type":"","background-media":"","overlay-type":"","overlay-color":"","overlay-opacity":"","overlay-gradient":""},"mobile":{"background-color":"var(--ast-global-color-4)","background-image":"","background-repeat":"repeat","background-position":"center center","background-size":"auto","background-attachment":"scroll","background-type":"","background-media":"","overlay-type":"","overlay-color":"","overlay-opacity":"","overlay-gradient":""}},"footnotes":""},"class_list":["post-49","page","type-page","status-publish","hentry"],"_links":{"self":[{"href":"https:\/\/me2.bilkent.edu.tr\/index.php?rest_route=\/wp\/v2\/pages\/49","targetHints":{"allow":["GET"]}}],"collection":[{"href":"https:\/\/me2.bilkent.edu.tr\/index.php?rest_route=\/wp\/v2\/pages"}],"about":[{"href":"https:\/\/me2.bilkent.edu.tr\/index.php?rest_route=\/wp\/v2\/types\/page"}],"author":[{"embeddable":true,"href":"https:\/\/me2.bilkent.edu.tr\/index.php?rest_route=\/wp\/v2\/users\/1"}],"replies":[{"embeddable":true,"href":"https:\/\/me2.bilkent.edu.tr\/index.php?rest_route=%2Fwp%2Fv2%2Fcomments&post=49"}],"version-history":[{"count":22,"href":"https:\/\/me2.bilkent.edu.tr\/index.php?rest_route=\/wp\/v2\/pages\/49\/revisions"}],"predecessor-version":[{"id":1191,"href":"https:\/\/me2.bilkent.edu.tr\/index.php?rest_route=\/wp\/v2\/pages\/49\/revisions\/1191"}],"up":[{"embeddable":true,"href":"https:\/\/me2.bilkent.edu.tr\/index.php?rest_route=\/wp\/v2\/pages\/17"}],"wp:attachment":[{"href":"https:\/\/me2.bilkent.edu.tr\/index.php?rest_route=%2Fwp%2Fv2%2Fmedia&parent=49"}],"curies":[{"name":"wp","href":"https:\/\/api.w.org\/{rel}","templated":true}]}}