{"id":783,"date":"2026-03-31T11:15:25","date_gmt":"2026-03-31T11:15:25","guid":{"rendered":"https:\/\/me2.bilkent.edu.tr\/?page_id=783"},"modified":"2026-03-31T11:15:26","modified_gmt":"2026-03-31T11:15:26","slug":"arastirma-eng","status":"publish","type":"page","link":"https:\/\/me2.bilkent.edu.tr\/?page_id=783&lang=en","title":{"rendered":"Ara\u015ft\u0131rma eng"},"content":{"rendered":"\n<div class=\"wp-block-group is-layout-constrained wp-container-core-group-is-layout-72d38984 wp-block-group-is-layout-constrained has-background\" style=\"border-style:none;border-width:0px;border-top-left-radius:0px;border-top-right-radius:0px;border-bottom-left-radius:0px;border-bottom-right-radius:0px;min-height:0px;margin-top:0;margin-bottom:0;padding-top:0;padding-right:0;padding-bottom:0;padding-left:0;background-image:url(&apos;https:\/\/me2.bilkent.edu.tr\/wp-content\/uploads\/2026\/03\/Image-1920x1080-0.jpg&apos;);background-size:cover;\">\n<div style=\"margin-top:0;margin-bottom:0;height:336px\" aria-hidden=\"true\" class=\"wp-block-spacer\"><\/div>\n\n\n\n<div class=\"wp-block-group is-layout-constrained wp-block-group-is-layout-constrained\">\n<p class=\"has-ast-global-color-4-color has-text-color has-background has-link-color has-x-large-font-size wp-elements-a3d33ba9c40d722b6a4071fc18fb0899\" style=\"background:linear-gradient(68deg,rgb(242,135,5) 0%,rgb(242,92,5) 49%);padding-top:0;padding-right:0;padding-bottom:0;padding-left:0\">Bilmech&#8217;teki G\u00fcncel Ara\u015ft\u0131rmalar<\/p>\n<\/div>\n<\/div>\n\n\n\n<div class=\"wp-block-group research-text is-layout-constrained wp-block-group-is-layout-constrained\">\n<p>Bilkent \u00dcniversitesi Makine M\u00fchendisli\u011fi b\u00f6l\u00fcm\u00fc, ak\u0131\u015fkanlar mekani\u011fi, malzeme bilimi, termodinamik ve robotik gibi \u00e7e\u015fitli kritik alanlarda ara\u015ft\u0131rmay\u0131 ilerletmede \u00f6nemli bir rol oynamaktad\u0131r. B\u00f6l\u00fcm\u00fcn ara\u015ft\u0131rma giri\u015fimleri, k\u00fcresel sorunlara \u00e7\u00f6z\u00fcm getirmeyi ve sanayi ile toplum \u00fczerinde etkili teknolojik geli\u015fmelere katk\u0131da bulunmay\u0131 ama\u00e7lamaktad\u0131r.<\/p>\n\n\n\n<p>B\u00f6l\u00fcm i\u00e7inde, enerji sistemleri, otomotiv m\u00fchendisli\u011fi, robotik ve ileri malzemeler gibi belirli alanlara odaklanan \u00e7e\u015fitli uzmanla\u015fm\u0131\u015f ara\u015ft\u0131rma gruplar\u0131 bulunmaktad\u0131r. Bu gruplar, \u00f6\u011fretim \u00fcyeleri, lisans\u00fcst\u00fc \u00f6\u011frenciler ve sanayi profesyonelleri aras\u0131nda i\u015f birli\u011fini te\u015fvik ederek karma\u015f\u0131k m\u00fchendislik problemlerini \u00e7\u00f6zmelerine ve yenilik\u00e7i \u00e7\u00f6z\u00fcmler geli\u015ftirmelerine olanak tan\u0131maktad\u0131r.<\/p>\n\n\n\n<p>Makine M\u00fchendisli\u011fi b\u00f6l\u00fcm\u00fcndeki ara\u015ft\u0131rmac\u0131lar, bulgular\u0131n\u0131 sayg\u0131n dergilerde yay\u0131nlama taahh\u00fcd\u00fcndedir, bu sayede \u00e7al\u0131\u015fmalar\u0131n\u0131n alana de\u011ferli i\u00e7g\u00f6r\u00fcler ve \u00f6nc\u00fc geli\u015fmeler katk\u0131da bulunmas\u0131n\u0131 sa\u011flamaktad\u0131r. Y\u00fcksek kaliteli yay\u0131nlara verilen \u00f6nem, b\u00f6l\u00fcm\u00fcn bilimsel bilgiyi ilerletmeye ve ara\u015ft\u0131rma ile e\u011fitimin birlikte geli\u015fti\u011fi bir ortam\u0131 te\u015fvik etmeye olan ba\u011fl\u0131l\u0131\u011f\u0131n\u0131 yans\u0131tmaktad\u0131r.<\/p>\n\n\n\n<p>Dinamik ara\u015ft\u0131rma ortam\u0131 sayesinde Makine M\u00fchendisli\u011fi b\u00f6l\u00fcm\u00fc, hem \u00f6\u011frencileri hem de \u00f6\u011fretim \u00fcyelerini, akademik deneyimlerini zenginle\u015ftiren ve ger\u00e7ek d\u00fcnya m\u00fchendislik zorluklar\u0131 \u00fczerinde somut bir etki yaratan projelerde yer almaya te\u015fvik etmektedir.<\/p>\n<\/div>\n\n\n\n<div class=\"wp-block-columns tw-stretched-link is-layout-flex wp-container-core-columns-is-layout-d0b3c9c8 wp-block-columns-is-layout-flex\">\n<div class=\"wp-block-column is-layout-flow wp-container-core-column-is-layout-8a368f38 wp-block-column-is-layout-flow\" style=\"border-style:none;border-width:0px;border-top-left-radius:0px;border-top-right-radius:0px;border-bottom-left-radius:0px;border-bottom-right-radius:0px\">\n<div class=\"wp-block-cover is-style-tw-hard-shadow has-ast-global-color-4-color has-text-color has-link-color tw-stretched-link tw-hover-zoom tw-ratio-1-1 wp-elements-52a09c7bf9e5e14392b3b50431fd8507 wp-container-content-9cfa9a5a wp-duotone-unset-2 tw-block-animation tw-animation-fade-in-up tw-duration-4\" style=\"margin-top:0;margin-bottom:0;padding-top:var(--wp--preset--spacing--20);padding-right:0;padding-bottom:var(--wp--preset--spacing--20);padding-left:0;box-shadow:var(--wp--preset--shadow--crisp);min-height:390px;aspect-ratio:unset;\"><img loading=\"lazy\" decoding=\"async\" width=\"482\" height=\"255\" sizes=\"auto, (max-width: 799px) 200vw, (max-width: 482px) 100vw, 482px\" class=\"wp-block-cover__image-background wp-image-508 size-full\" alt=\"\" src=\"https:\/\/me2.bilkent.edu.tr\/wp-content\/uploads\/2026\/03\/yayinlar.jpg\" data-object-fit=\"cover\" srcset=\"https:\/\/me2.bilkent.edu.tr\/wp-content\/uploads\/2026\/03\/yayinlar.jpg 482w, https:\/\/me2.bilkent.edu.tr\/wp-content\/uploads\/2026\/03\/yayinlar-300x159.jpg 300w\" \/><span aria-hidden=\"true\" class=\"wp-block-cover__background has-background-dim-0 has-background-dim\" style=\"background-color:#6f6f6f\"><\/span><div class=\"wp-block-cover__inner-container is-layout-constrained wp-container-core-cover-is-layout-8c524ad5 wp-block-cover-is-layout-constrained\">\n<div style=\"height:183px\" aria-hidden=\"true\" class=\"wp-block-spacer\"><\/div>\n\n\n\n<div class=\"wp-block-group is-nowrap is-layout-flex wp-container-core-group-is-layout-522d4764 wp-block-group-is-layout-flex\" style=\"padding-right:var(--wp--preset--spacing--30);padding-left:var(--wp--preset--spacing--30)\">\n<div class=\"wp-block-group code-style-box has-background tw-hard-shadow is-content-justification-left is-layout-constrained wp-container-core-group-is-layout-279619f4 wp-block-group-is-layout-constrained\" style=\"background-color:#021f59;padding-top:var(--wp--preset--spacing--20);padding-right:var(--wp--preset--spacing--30);padding-bottom:var(--wp--preset--spacing--20);padding-left:var(--wp--preset--spacing--30)\">\n<p class=\"has-text-align-left has-large-font-size\" style=\"padding-right:0;padding-left:0\"><a href=\"https:\/\/me2.bilkent.edu.tr\/?page_id=47\" data-type=\"page\" data-id=\"47\">Yay\u0131nlar<\/a><\/p>\n\n\n\n<p style=\"border-style:none;border-width:0px;padding-right:var(--wp--preset--spacing--20);padding-left:var(--wp--preset--spacing--20)\">Daha Fazlas\u0131n\u0131 Ke\u015ffet<\/p>\n<\/div>\n<\/div>\n<\/div><\/div>\n<\/div>\n\n\n\n<div class=\"wp-block-column is-layout-flow wp-block-column-is-layout-flow\">\n<div class=\"wp-block-cover is-light is-style-default has-white-color has-text-color has-link-color tw-stretched-link wp-elements-ec65e4954af210e208c2c2bc3508ce22 wp-container-content-9cfa9a5a has-aspect-ratio tw-block-animation tw-animation-fade-in-up\" style=\"margin-top:0;margin-bottom:0;padding-top:var(--wp--preset--spacing--20);padding-right:0;padding-bottom:var(--wp--preset--spacing--20);padding-left:0;box-shadow:var(--wp--preset--shadow--crisp);min-height:399px;aspect-ratio:auto;min-height:unset;\"><img loading=\"lazy\" decoding=\"async\" width=\"482\" height=\"255\" sizes=\"auto, (max-width: 799px) 125vw, (max-width: 482px) 100vw, 482px\" class=\"wp-block-cover__image-background wp-image-509 size-full\" alt=\"\" src=\"https:\/\/me2.bilkent.edu.tr\/wp-content\/uploads\/2026\/03\/gruplar.jpg\" data-object-fit=\"cover\" srcset=\"https:\/\/me2.bilkent.edu.tr\/wp-content\/uploads\/2026\/03\/gruplar.jpg 482w, https:\/\/me2.bilkent.edu.tr\/wp-content\/uploads\/2026\/03\/gruplar-300x159.jpg 300w\" \/><span aria-hidden=\"true\" class=\"wp-block-cover__background has-background-dim-0 has-background-dim\" style=\"background-color:#6f6f6f\"><\/span><div class=\"wp-block-cover__inner-container is-layout-constrained wp-container-core-cover-is-layout-8c524ad5 wp-block-cover-is-layout-constrained\">\n<div style=\"height:183px\" aria-hidden=\"true\" class=\"wp-block-spacer\"><\/div>\n\n\n\n<div class=\"wp-block-group is-nowrap is-layout-flex wp-container-core-group-is-layout-067cd3db wp-block-group-is-layout-flex\" style=\"padding-right:var(--wp--preset--spacing--30);padding-left:var(--wp--preset--spacing--30)\">\n<div class=\"wp-block-group code-style-box has-background tw-hard-shadow is-content-justification-left is-layout-constrained wp-container-core-group-is-layout-054daa58 wp-block-group-is-layout-constrained\" style=\"background-color:#021f59;padding-top:var(--wp--preset--spacing--20);padding-right:var(--wp--preset--spacing--30);padding-bottom:var(--wp--preset--spacing--20);padding-left:var(--wp--preset--spacing--30)\">\n<p class=\"has-text-align-left has-large-font-size\"><a href=\"https:\/\/me2.bilkent.edu.tr\/?page_id=49\" data-type=\"page\" data-id=\"49\">Gruplar<\/a><\/p>\n\n\n\n<p>Daha Fazlas\u0131n\u0131 Ke\u015ffet<\/p>\n<\/div>\n<\/div>\n<\/div><\/div>\n<\/div>\n<\/div>\n\n\n\n<p><\/p>\n","protected":false},"excerpt":{"rendered":"<p>Bilmech&#8217;teki G\u00fcncel Ara\u015ft\u0131rmalar Bilkent \u00dcniversitesi Makine M\u00fchendisli\u011fi b\u00f6l\u00fcm\u00fc, ak\u0131\u015fkanlar mekani\u011fi, malzeme bilimi, termodinamik ve robotik gibi \u00e7e\u015fitli kritik alanlarda ara\u015ft\u0131rmay\u0131 [&hellip;]<\/p>\n","protected":false},"author":1,"featured_media":0,"parent":0,"menu_order":0,"comment_status":"closed","ping_status":"closed","template":"","meta":{"site-sidebar-layout":"default","site-content-layout":"","ast-site-content-layout":"default","site-content-style":"default","site-sidebar-style":"default","ast-global-header-display":"","ast-banner-title-visibility":"","ast-main-header-display":"","ast-hfb-above-header-display":"","ast-hfb-below-header-display":"","ast-hfb-mobile-header-display":"","site-post-title":"disabled","ast-breadcrumbs-content":"","ast-featured-img":"","footer-sml-layout":"","ast-disable-related-posts":"","theme-transparent-header-meta":"disabled","adv-header-id-meta":"","stick-header-meta":"","header-above-stick-meta":"","header-main-stick-meta":"","header-below-stick-meta":"","astra-migrate-meta-layouts":"default","ast-page-background-enabled":"default","ast-page-background-meta":{"desktop":{"background-color":"var(--ast-global-color-5)","background-image":"","background-repeat":"repeat","background-position":"center center","background-size":"auto","background-attachment":"scroll","background-type":"","background-media":"","overlay-type":"","overlay-color":"","overlay-opacity":"","overlay-gradient":""},"tablet":{"background-color":"","background-image":"","background-repeat":"repeat","background-position":"center center","background-size":"auto","background-attachment":"scroll","background-type":"","background-media":"","overlay-type":"","overlay-color":"","overlay-opacity":"","overlay-gradient":""},"mobile":{"background-color":"","background-image":"","background-repeat":"repeat","background-position":"center center","background-size":"auto","background-attachment":"scroll","background-type":"","background-media":"","overlay-type":"","overlay-color":"","overlay-opacity":"","overlay-gradient":""}},"ast-content-background-meta":{"desktop":{"background-color":"var(--ast-global-color-4)","background-image":"","background-repeat":"repeat","background-position":"center center","background-size":"auto","background-attachment":"scroll","background-type":"","background-media":"","overlay-type":"","overlay-color":"","overlay-opacity":"","overlay-gradient":""},"tablet":{"background-color":"var(--ast-global-color-4)","background-image":"","background-repeat":"repeat","background-position":"center center","background-size":"auto","background-attachment":"scroll","background-type":"","background-media":"","overlay-type":"","overlay-color":"","overlay-opacity":"","overlay-gradient":""},"mobile":{"background-color":"var(--ast-global-color-4)","background-image":"","background-repeat":"repeat","background-position":"center center","background-size":"auto","background-attachment":"scroll","background-type":"","background-media":"","overlay-type":"","overlay-color":"","overlay-opacity":"","overlay-gradient":""}},"footnotes":""},"class_list":["post-783","page","type-page","status-publish","hentry"],"_links":{"self":[{"href":"https:\/\/me2.bilkent.edu.tr\/index.php?rest_route=\/wp\/v2\/pages\/783","targetHints":{"allow":["GET"]}}],"collection":[{"href":"https:\/\/me2.bilkent.edu.tr\/index.php?rest_route=\/wp\/v2\/pages"}],"about":[{"href":"https:\/\/me2.bilkent.edu.tr\/index.php?rest_route=\/wp\/v2\/types\/page"}],"author":[{"embeddable":true,"href":"https:\/\/me2.bilkent.edu.tr\/index.php?rest_route=\/wp\/v2\/users\/1"}],"replies":[{"embeddable":true,"href":"https:\/\/me2.bilkent.edu.tr\/index.php?rest_route=%2Fwp%2Fv2%2Fcomments&post=783"}],"version-history":[{"count":1,"href":"https:\/\/me2.bilkent.edu.tr\/index.php?rest_route=\/wp\/v2\/pages\/783\/revisions"}],"predecessor-version":[{"id":784,"href":"https:\/\/me2.bilkent.edu.tr\/index.php?rest_route=\/wp\/v2\/pages\/783\/revisions\/784"}],"wp:attachment":[{"href":"https:\/\/me2.bilkent.edu.tr\/index.php?rest_route=%2Fwp%2Fv2%2Fmedia&parent=783"}],"curies":[{"name":"wp","href":"https:\/\/api.w.org\/{rel}","templated":true}]}}